{"id":72,"date":"2025-05-10T23:10:10","date_gmt":"2025-05-10T23:10:10","guid":{"rendered":"https:\/\/orionsuppliesca.com\/?page_id=72"},"modified":"2025-06-09T19:59:12","modified_gmt":"2025-06-09T19:59:12","slug":"blog","status":"publish","type":"page","link":"https:\/\/orionsuppliesca.com\/en\/blog\/","title":{"rendered":"Blog"},"content":{"rendered":"<div data-elementor-type=\"wp-page\" data-elementor-id=\"72\" class=\"elementor elementor-72\">\n\t\t\t\t<div class=\"elementor-element elementor-element-85fea5a e-flex e-con-boxed e-con e-parent\" data-id=\"85fea5a\" data-element_type=\"container\" data-settings=\"{&quot;background_background&quot;:&quot;classic&quot;}\" data-core-v316-plus=\"true\">\n\t\t\t\t\t<div class=\"e-con-inner\">\n\t\t<div class=\"elementor-element elementor-element-188a4d2 e-con-full e-flex e-con e-child\" data-id=\"188a4d2\" data-element_type=\"container\">\n\t\t\t\t<div class=\"elementor-element elementor-element-4a5447a elementor-widget elementor-widget-heading\" data-id=\"4a5447a\" data-element_type=\"widget\" data-widget_type=\"heading.default\">\n\t\t\t\t<div class=\"elementor-widget-container\">\n\t\t\t<style>\/*! elementor - v3.20.0 - 10-04-2024 *\/\n.elementor-heading-title{padding:0;margin:0;line-height:1}.elementor-widget-heading .elementor-heading-title[class*=elementor-size-]>a{color:inherit;font-size:inherit;line-height:inherit}.elementor-widget-heading .elementor-heading-title.elementor-size-small{font-size:15px}.elementor-widget-heading .elementor-heading-title.elementor-size-medium{font-size:19px}.elementor-widget-heading .elementor-heading-title.elementor-size-large{font-size:29px}.elementor-widget-heading .elementor-heading-title.elementor-size-xl{font-size:39px}.elementor-widget-heading .elementor-heading-title.elementor-size-xxl{font-size:59px}<\/style><h1 class=\"elementor-heading-title elementor-size-default\">Blog<\/h1>\t\t<\/div>\n\t\t\t\t<\/div>\n\t\t\t\t<div class=\"elementor-element elementor-element-7a04525 elementor-icon-list--layout-inline elementor-mobile-align-center elementor-list-item-link-full_width elementor-widget elementor-widget-icon-list\" data-id=\"7a04525\" data-element_type=\"widget\" data-widget_type=\"icon-list.default\">\n\t\t\t\t<div class=\"elementor-widget-container\">\n\t\t\t<link rel=\"stylesheet\" href=\"https:\/\/orionsuppliesca.com\/wp-content\/plugins\/elementor-1-1\/assets\/css\/widget-icon-list.min.css\">\t\t<ul class=\"elementor-icon-list-items elementor-inline-items\">\n\t\t\t\t\t\t\t<li class=\"elementor-icon-list-item elementor-inline-item\">\n\t\t\t\t\t\t\t\t\t\t\t<a href=\"https:\/\/orionsuppliesca.com\/en\/\">\n\n\t\t\t\t\t\t\t\t\t\t\t<span class=\"elementor-icon-list-text\">Home<\/span>\n\t\t\t\t\t\t\t\t\t\t\t<\/a>\n\t\t\t\t\t\t\t\t\t<\/li>\n\t\t\t\t\t\t\t\t<li class=\"elementor-icon-list-item elementor-inline-item\">\n\t\t\t\t\t\t\t\t\t\t\t<a href=\"https:\/\/orionsuppliesca.com\/en\/\">\n\n\t\t\t\t\t\t\t\t\t\t\t<span class=\"elementor-icon-list-text\">\/<\/span>\n\t\t\t\t\t\t\t\t\t\t\t<\/a>\n\t\t\t\t\t\t\t\t\t<\/li>\n\t\t\t\t\t\t\t\t<li class=\"elementor-icon-list-item elementor-inline-item\">\n\t\t\t\t\t\t\t\t\t\t<span class=\"elementor-icon-list-text\"><\/span>\n\t\t\t\t\t\t\t\t\t<\/li>\n\t\t\t\t\t\t<\/ul>\n\t\t\t\t<\/div>\n\t\t\t\t<\/div>\n\t\t\t\t<\/div>\n\t\t<div class=\"elementor-element elementor-element-c06825e e-con-full elementor-hidden-mobile e-flex e-con e-child\" data-id=\"c06825e\" data-element_type=\"container\">\n\t\t\t\t<\/div>\n\t\t\t\t\t<\/div>\n\t\t\t\t<\/div>\n\t\t<div class=\"elementor-element elementor-element-072fe49 e-flex e-con-boxed e-con e-parent\" data-id=\"072fe49\" data-element_type=\"container\" data-core-v316-plus=\"true\">\n\t\t\t\t\t<div class=\"e-con-inner\">\n\t\t\t\t<div class=\"elementor-element elementor-element-c719757 elementor-widget elementor-widget-heading\" data-id=\"c719757\" data-element_type=\"widget\" data-widget_type=\"heading.default\">\n\t\t\t\t<div class=\"elementor-widget-container\">\n\t\t\t<h2 class=\"elementor-heading-title elementor-size-default\">Our news<\/h2>\t\t<\/div>\n\t\t\t\t<\/div>\n\t\t\t\t\t<\/div>\n\t\t\t\t<\/div>\n\t\t<div class=\"elementor-element elementor-element-f6dae3b e-flex e-con-boxed e-con e-parent\" data-id=\"f6dae3b\" data-element_type=\"container\" data-core-v316-plus=\"true\">\n\t\t\t\t\t<div class=\"e-con-inner\">\n\t\t\t\t<div class=\"elementor-element elementor-element-b46eff8 elementor-grid-4 elementor-grid-tablet-2 elementor-grid-mobile-1 elementor-posts--thumbnail-top elementor-card-shadow-yes elementor-posts__hover-gradient elementor-widget elementor-widget-posts\" data-id=\"b46eff8\" data-element_type=\"widget\" data-settings=\"{&quot;cards_columns&quot;:&quot;4&quot;,&quot;cards_columns_tablet&quot;:&quot;2&quot;,&quot;cards_columns_mobile&quot;:&quot;1&quot;,&quot;cards_row_gap&quot;:{&quot;unit&quot;:&quot;px&quot;,&quot;size&quot;:35,&quot;sizes&quot;:[]},&quot;cards_row_gap_tablet&quot;:{&quot;unit&quot;:&quot;px&quot;,&quot;size&quot;:&quot;&quot;,&quot;sizes&quot;:[]},&quot;cards_row_gap_mobile&quot;:{&quot;unit&quot;:&quot;px&quot;,&quot;size&quot;:&quot;&quot;,&quot;sizes&quot;:[]}}\" data-widget_type=\"posts.cards\">\n\t\t\t\t<div class=\"elementor-widget-container\">\n\t\t\t<link rel=\"stylesheet\" href=\"https:\/\/orionsuppliesca.com\/wp-content\/plugins\/elementor-pro-1-2\/assets\/css\/widget-posts.min.css\">\t\t<div class=\"elementor-posts-container elementor-posts elementor-posts--skin-cards elementor-grid\">\n\t\t\t\t<article class=\"elementor-post elementor-grid-item post-385 post type-post status-publish format-standard has-post-thumbnail hentry category-uncategorized\">\n\t\t\t<div class=\"elementor-post__card\">\n\t\t\t\t<a class=\"elementor-post__thumbnail__link\" href=\"https:\/\/orionsuppliesca.com\/en\/servicio-de-lanchaje-y-transporte-fluvial-la-conexion-vital-para-tus-operaciones-maritimas\/\" ><div class=\"elementor-post__thumbnail\"><img fetchpriority=\"high\" decoding=\"async\" width=\"300\" height=\"200\" src=\"https:\/\/orionsuppliesca.com\/wp-content\/uploads\/2025\/06\/img4-300x200.png\" class=\"attachment-medium size-medium wp-image-386\" alt=\"\" srcset=\"https:\/\/orionsuppliesca.com\/wp-content\/uploads\/2025\/06\/img4-300x200.png 300w, https:\/\/orionsuppliesca.com\/wp-content\/uploads\/2025\/06\/img4-1024x683.png 1024w, https:\/\/orionsuppliesca.com\/wp-content\/uploads\/2025\/06\/img4-768x512.png 768w, https:\/\/orionsuppliesca.com\/wp-content\/uploads\/2025\/06\/img4.png 1536w\" sizes=\"(max-width: 300px) 100vw, 300px\" \/><\/div><\/a>\n\t\t\t\t<div class=\"elementor-post__text\">\n\t\t\t\t<h5 class=\"elementor-post__title\">\n\t\t\t<a href=\"https:\/\/orionsuppliesca.com\/en\/servicio-de-lanchaje-y-transporte-fluvial-la-conexion-vital-para-tus-operaciones-maritimas\/\" >\n\t\t\t\tLaunch and river transport service: The Vital link for your maritime operations\t\t\t<\/a>\n\t\t<\/h5>\n\t\t\n\t\t<a class=\"elementor-post__read-more\" href=\"https:\/\/orionsuppliesca.com\/en\/servicio-de-lanchaje-y-transporte-fluvial-la-conexion-vital-para-tus-operaciones-maritimas\/\" aria-label=\"Read more about Servicio de lanchaje y transporte fluvial: La conexi\u00f3n vital para tus operaciones mar\u00edtimas\" >\n\t\t\tSee more \u00bb\t\t<\/a>\n\n\t\t\t\t<\/div>\n\t\t\t\t\t<\/div>\n\t\t<\/article>\n\t\t\t\t<article class=\"elementor-post elementor-grid-item post-382 post type-post status-publish format-standard has-post-thumbnail hentry category-uncategorized\">\n\t\t\t<div class=\"elementor-post__card\">\n\t\t\t\t<a class=\"elementor-post__thumbnail__link\" href=\"https:\/\/orionsuppliesca.com\/en\/equipamiento-tecnico-naval-innovacion-y-seguridad-para-la-operacion-de-embarcaciones-en-2025\/\" ><div class=\"elementor-post__thumbnail\"><img decoding=\"async\" width=\"300\" height=\"200\" src=\"https:\/\/orionsuppliesca.com\/wp-content\/uploads\/2025\/06\/img3-300x200.png\" class=\"attachment-medium size-medium wp-image-383\" alt=\"\" srcset=\"https:\/\/orionsuppliesca.com\/wp-content\/uploads\/2025\/06\/img3-300x200.png 300w, https:\/\/orionsuppliesca.com\/wp-content\/uploads\/2025\/06\/img3-1024x683.png 1024w, https:\/\/orionsuppliesca.com\/wp-content\/uploads\/2025\/06\/img3-768x512.png 768w, https:\/\/orionsuppliesca.com\/wp-content\/uploads\/2025\/06\/img3.png 1536w\" sizes=\"(max-width: 300px) 100vw, 300px\" \/><\/div><\/a>\n\t\t\t\t<div class=\"elementor-post__text\">\n\t\t\t\t<h5 class=\"elementor-post__title\">\n\t\t\t<a href=\"https:\/\/orionsuppliesca.com\/en\/equipamiento-tecnico-naval-innovacion-y-seguridad-para-la-operacion-de-embarcaciones-en-2025\/\" >\n\t\t\t\tNaval technical equipment: Innovation and safety for vessel operations in 2025\t\t\t<\/a>\n\t\t<\/h5>\n\t\t\n\t\t<a class=\"elementor-post__read-more\" href=\"https:\/\/orionsuppliesca.com\/en\/equipamiento-tecnico-naval-innovacion-y-seguridad-para-la-operacion-de-embarcaciones-en-2025\/\" aria-label=\"Read more about Equipamiento t\u00e9cnico naval: Innovaci\u00f3n y seguridad para la operaci\u00f3n de embarcaciones en 2025\" >\n\t\t\tSee more \u00bb\t\t<\/a>\n\n\t\t\t\t<\/div>\n\t\t\t\t\t<\/div>\n\t\t<\/article>\n\t\t\t\t<article class=\"elementor-post elementor-grid-item post-379 post type-post status-publish format-standard has-post-thumbnail hentry category-uncategorized\">\n\t\t\t<div class=\"elementor-post__card\">\n\t\t\t\t<a class=\"elementor-post__thumbnail__link\" href=\"https:\/\/orionsuppliesca.com\/en\/suministro-de-provisiones-para-buques-la-guia-definitiva-para-una-flota-siempre-equipada\/\" ><div class=\"elementor-post__thumbnail\"><img decoding=\"async\" width=\"200\" height=\"300\" src=\"https:\/\/orionsuppliesca.com\/wp-content\/uploads\/2025\/06\/img2-200x300.png\" class=\"attachment-medium size-medium wp-image-380\" alt=\"\" srcset=\"https:\/\/orionsuppliesca.com\/wp-content\/uploads\/2025\/06\/img2-200x300.png 200w, https:\/\/orionsuppliesca.com\/wp-content\/uploads\/2025\/06\/img2-683x1024.png 683w, https:\/\/orionsuppliesca.com\/wp-content\/uploads\/2025\/06\/img2-768x1152.png 768w, https:\/\/orionsuppliesca.com\/wp-content\/uploads\/2025\/06\/img2.png 1024w\" sizes=\"(max-width: 200px) 100vw, 200px\" \/><\/div><\/a>\n\t\t\t\t<div class=\"elementor-post__text\">\n\t\t\t\t<h5 class=\"elementor-post__title\">\n\t\t\t<a href=\"https:\/\/orionsuppliesca.com\/en\/suministro-de-provisiones-para-buques-la-guia-definitiva-para-una-flota-siempre-equipada\/\" >\n\t\t\t\tShip provision supply: The ultimate guide to keeping your fleet fully equipped\t\t\t<\/a>\n\t\t<\/h5>\n\t\t\n\t\t<a class=\"elementor-post__read-more\" href=\"https:\/\/orionsuppliesca.com\/en\/suministro-de-provisiones-para-buques-la-guia-definitiva-para-una-flota-siempre-equipada\/\" aria-label=\"Read more about Suministro de provisiones para buques: La Gu\u00eda definitiva para una flota siempre equipada\" >\n\t\t\tSee more \u00bb\t\t<\/a>\n\n\t\t\t\t<\/div>\n\t\t\t\t\t<\/div>\n\t\t<\/article>\n\t\t\t\t<article class=\"elementor-post elementor-grid-item post-376 post type-post status-publish format-standard has-post-thumbnail hentry category-uncategorized\">\n\t\t\t<div class=\"elementor-post__card\">\n\t\t\t\t<a class=\"elementor-post__thumbnail__link\" href=\"https:\/\/orionsuppliesca.com\/en\/logistica-portuaria-eficiente-en-el-eje-orinoco-caroni-claves-para-optimizar-tiempos-y-costos\/\" ><div class=\"elementor-post__thumbnail\"><img loading=\"lazy\" decoding=\"async\" width=\"300\" height=\"200\" src=\"https:\/\/orionsuppliesca.com\/wp-content\/uploads\/2025\/06\/img1-300x200.png\" class=\"attachment-medium size-medium wp-image-377\" alt=\"\" srcset=\"https:\/\/orionsuppliesca.com\/wp-content\/uploads\/2025\/06\/img1-300x200.png 300w, https:\/\/orionsuppliesca.com\/wp-content\/uploads\/2025\/06\/img1-1024x683.png 1024w, https:\/\/orionsuppliesca.com\/wp-content\/uploads\/2025\/06\/img1-768x512.png 768w, https:\/\/orionsuppliesca.com\/wp-content\/uploads\/2025\/06\/img1.png 1536w\" sizes=\"(max-width: 300px) 100vw, 300px\" \/><\/div><\/a>\n\t\t\t\t<div class=\"elementor-post__text\">\n\t\t\t\t<h5 class=\"elementor-post__title\">\n\t\t\t<a href=\"https:\/\/orionsuppliesca.com\/en\/logistica-portuaria-eficiente-en-el-eje-orinoco-caroni-claves-para-optimizar-tiempos-y-costos\/\" >\n\t\t\t\tEfficient port logistics in the Orinoco\u2013Caron\u00ed corridor: Key strategies to optimize time and costs\t\t\t<\/a>\n\t\t<\/h5>\n\t\t\n\t\t<a class=\"elementor-post__read-more\" href=\"https:\/\/orionsuppliesca.com\/en\/logistica-portuaria-eficiente-en-el-eje-orinoco-caroni-claves-para-optimizar-tiempos-y-costos\/\" aria-label=\"Read more about Log\u00edstica portuaria eficiente en el eje Orinoco-Caron\u00ed: Claves para optimizar tiempos y costos\" >\n\t\t\tSee more \u00bb\t\t<\/a>\n\n\t\t\t\t<\/div>\n\t\t\t\t\t<\/div>\n\t\t<\/article>\n\t\t\t\t<\/div>\n\t\t\n\t\t\t\t<\/div>\n\t\t\t\t<\/div>\n\t\t\t\t\t<\/div>\n\t\t\t\t<\/div>\n\t\t\t\t<\/div>","protected":false},"excerpt":{"rendered":"<p>Blog Inicio \/ Nuestras Noticias<\/p>","protected":false},"author":1,"featured_media":0,"parent":0,"menu_order":0,"comment_status":"closed","ping_status":"closed","template":"elementor_header_footer","meta":{"_joinchat":[],"footnotes":""},"class_list":["post-72","page","type-page","status-publish","hentry"],"yoast_head":"<!-- This site is optimized with the Yoast SEO plugin v27.4 - https:\/\/yoast.com\/product\/yoast-seo-wordpress\/ -->\n<title>Blog - Orion Supplies C.A. | Suministros Industriales y Log\u00edstica Mar\u00edtima en Venezuela&quot;<\/title>\n<meta name=\"robots\" content=\"index, follow, max-snippet:-1, max-image-preview:large, max-video-preview:-1\" \/>\n<link rel=\"canonical\" href=\"https:\/\/orionsuppliesca.com\/en\/blog\/\" \/>\n<meta property=\"og:locale\" content=\"en_US\" \/>\n<meta property=\"og:type\" content=\"article\" \/>\n<meta property=\"og:title\" content=\"Blog - Orion Supplies C.A. | Suministros Industriales y Log\u00edstica Mar\u00edtima en Venezuela&quot;\" \/>\n<meta property=\"og:description\" content=\"Blog Inicio \/ Nuestras Noticias\" \/>\n<meta property=\"og:url\" content=\"https:\/\/orionsuppliesca.com\/en\/blog\/\" \/>\n<meta property=\"og:site_name\" content=\"Orion Supplies C.A. | Suministros Industriales y Log\u00edstica Mar\u00edtima en Venezuela&quot;\" \/>\n<meta property=\"article:modified_time\" content=\"2025-06-09T19:59:12+00:00\" \/>\n<meta name=\"twitter:card\" content=\"summary_large_image\" \/>\n<meta name=\"twitter:label1\" content=\"Est. reading time\" \/>\n\t<meta name=\"twitter:data1\" content=\"2 minutes\" \/>\n<script type=\"application\/ld+json\" class=\"yoast-schema-graph\">{\"@context\":\"https:\\\/\\\/schema.org\",\"@graph\":[{\"@type\":\"WebPage\",\"@id\":\"https:\\\/\\\/orionsuppliesca.com\\\/en\\\/blog\\\/\",\"url\":\"https:\\\/\\\/orionsuppliesca.com\\\/en\\\/blog\\\/\",\"name\":\"Blog - Orion Supplies C.A. | Suministros Industriales y Log\u00edstica Mar\u00edtima en Venezuela&quot;\",\"isPartOf\":{\"@id\":\"https:\\\/\\\/orionsuppliesca.com\\\/#website\"},\"datePublished\":\"2025-05-10T23:10:10+00:00\",\"dateModified\":\"2025-06-09T19:59:12+00:00\",\"breadcrumb\":{\"@id\":\"https:\\\/\\\/orionsuppliesca.com\\\/en\\\/blog\\\/#breadcrumb\"},\"inLanguage\":\"en-US\",\"potentialAction\":[{\"@type\":\"ReadAction\",\"target\":[\"https:\\\/\\\/orionsuppliesca.com\\\/en\\\/blog\\\/\"]}]},{\"@type\":\"BreadcrumbList\",\"@id\":\"https:\\\/\\\/orionsuppliesca.com\\\/en\\\/blog\\\/#breadcrumb\",\"itemListElement\":[{\"@type\":\"ListItem\",\"position\":1,\"name\":\"Inicio\",\"item\":\"https:\\\/\\\/orionsuppliesca.com\\\/\"},{\"@type\":\"ListItem\",\"position\":2,\"name\":\"Blog\"}]},{\"@type\":\"WebSite\",\"@id\":\"https:\\\/\\\/orionsuppliesca.com\\\/#website\",\"url\":\"https:\\\/\\\/orionsuppliesca.com\\\/\",\"name\":\"orionsuppliesca.com\",\"description\":\"Soluciones log\u00edsticas y suministros industriales para el sector mar\u00edtimo en Venezuela y el Caribe. Atenci\u00f3n confiable, r\u00e1pida y profesional.\",\"publisher\":{\"@id\":\"https:\\\/\\\/orionsuppliesca.com\\\/#organization\"},\"potentialAction\":[{\"@type\":\"SearchAction\",\"target\":{\"@type\":\"EntryPoint\",\"urlTemplate\":\"https:\\\/\\\/orionsuppliesca.com\\\/?s={search_term_string}\"},\"query-input\":{\"@type\":\"PropertyValueSpecification\",\"valueRequired\":true,\"valueName\":\"search_term_string\"}}],\"inLanguage\":\"en-US\"},{\"@type\":\"Organization\",\"@id\":\"https:\\\/\\\/orionsuppliesca.com\\\/#organization\",\"name\":\"Orion Supplies C.A.\",\"url\":\"https:\\\/\\\/orionsuppliesca.com\\\/\",\"logo\":{\"@type\":\"ImageObject\",\"inLanguage\":\"en-US\",\"@id\":\"https:\\\/\\\/orionsuppliesca.com\\\/#\\\/schema\\\/logo\\\/image\\\/\",\"url\":\"https:\\\/\\\/orionsuppliesca.com\\\/wp-content\\\/uploads\\\/2025\\\/06\\\/logo-orion.png\",\"contentUrl\":\"https:\\\/\\\/orionsuppliesca.com\\\/wp-content\\\/uploads\\\/2025\\\/06\\\/logo-orion.png\",\"width\":166,\"height\":73,\"caption\":\"Orion Supplies C.A.\"},\"image\":{\"@id\":\"https:\\\/\\\/orionsuppliesca.com\\\/#\\\/schema\\\/logo\\\/image\\\/\"}}]}<\/script>\n<!-- \/ Yoast SEO plugin. -->","yoast_head_json":{"title":"Blog - Orion Supplies C.A. | Suministros Industriales y Log\u00edstica Mar\u00edtima en Venezuela&quot;","robots":{"index":"index","follow":"follow","max-snippet":"max-snippet:-1","max-image-preview":"max-image-preview:large","max-video-preview":"max-video-preview:-1"},"canonical":"https:\/\/orionsuppliesca.com\/en\/blog\/","og_locale":"en_US","og_type":"article","og_title":"Blog - Orion Supplies C.A. | Suministros Industriales y Log\u00edstica Mar\u00edtima en Venezuela&quot;","og_description":"Blog Inicio \/ Nuestras Noticias","og_url":"https:\/\/orionsuppliesca.com\/en\/blog\/","og_site_name":"Orion Supplies C.A. | Suministros Industriales y Log\u00edstica Mar\u00edtima en Venezuela&quot;","article_modified_time":"2025-06-09T19:59:12+00:00","twitter_card":"summary_large_image","twitter_misc":{"Est. reading time":"2 minutes"},"schema":{"@context":"https:\/\/schema.org","@graph":[{"@type":"WebPage","@id":"https:\/\/orionsuppliesca.com\/en\/blog\/","url":"https:\/\/orionsuppliesca.com\/en\/blog\/","name":"Blog - Orion Supplies C.A. | Suministros Industriales y Log\u00edstica Mar\u00edtima en Venezuela&quot;","isPartOf":{"@id":"https:\/\/orionsuppliesca.com\/#website"},"datePublished":"2025-05-10T23:10:10+00:00","dateModified":"2025-06-09T19:59:12+00:00","breadcrumb":{"@id":"https:\/\/orionsuppliesca.com\/en\/blog\/#breadcrumb"},"inLanguage":"en-US","potentialAction":[{"@type":"ReadAction","target":["https:\/\/orionsuppliesca.com\/en\/blog\/"]}]},{"@type":"BreadcrumbList","@id":"https:\/\/orionsuppliesca.com\/en\/blog\/#breadcrumb","itemListElement":[{"@type":"ListItem","position":1,"name":"Inicio","item":"https:\/\/orionsuppliesca.com\/"},{"@type":"ListItem","position":2,"name":"Blog"}]},{"@type":"WebSite","@id":"https:\/\/orionsuppliesca.com\/#website","url":"https:\/\/orionsuppliesca.com\/","name":"orionsuppliesca.com","description":"Soluciones log\u00edsticas y suministros industriales para el sector mar\u00edtimo en Venezuela y el Caribe. Atenci\u00f3n confiable, r\u00e1pida y profesional.","publisher":{"@id":"https:\/\/orionsuppliesca.com\/#organization"},"potentialAction":[{"@type":"SearchAction","target":{"@type":"EntryPoint","urlTemplate":"https:\/\/orionsuppliesca.com\/?s={search_term_string}"},"query-input":{"@type":"PropertyValueSpecification","valueRequired":true,"valueName":"search_term_string"}}],"inLanguage":"en-US"},{"@type":"Organization","@id":"https:\/\/orionsuppliesca.com\/#organization","name":"Orion Supplies C.A.,","url":"https:\/\/orionsuppliesca.com\/","logo":{"@type":"ImageObject","inLanguage":"en-US","@id":"https:\/\/orionsuppliesca.com\/#\/schema\/logo\/image\/","url":"https:\/\/orionsuppliesca.com\/wp-content\/uploads\/2025\/06\/logo-orion.png","contentUrl":"https:\/\/orionsuppliesca.com\/wp-content\/uploads\/2025\/06\/logo-orion.png","width":166,"height":73,"caption":"Orion Supplies C.A."},"image":{"@id":"https:\/\/orionsuppliesca.com\/#\/schema\/logo\/image\/"}}]}},"_links":{"self":[{"href":"https:\/\/orionsuppliesca.com\/en\/wp-json\/wp\/v2\/pages\/72","targetHints":{"allow":["GET"]}}],"collection":[{"href":"https:\/\/orionsuppliesca.com\/en\/wp-json\/wp\/v2\/pages"}],"about":[{"href":"https:\/\/orionsuppliesca.com\/en\/wp-json\/wp\/v2\/types\/page"}],"author":[{"embeddable":true,"href":"https:\/\/orionsuppliesca.com\/en\/wp-json\/wp\/v2\/users\/1"}],"replies":[{"embeddable":true,"href":"https:\/\/orionsuppliesca.com\/en\/wp-json\/wp\/v2\/comments?post=72"}],"version-history":[{"count":10,"href":"https:\/\/orionsuppliesca.com\/en\/wp-json\/wp\/v2\/pages\/72\/revisions"}],"predecessor-version":[{"id":496,"href":"https:\/\/orionsuppliesca.com\/en\/wp-json\/wp\/v2\/pages\/72\/revisions\/496"}],"wp:attachment":[{"href":"https:\/\/orionsuppliesca.com\/en\/wp-json\/wp\/v2\/media?parent=72"}],"curies":[{"name":"wp","href":"https:\/\/api.w.org\/{rel}","templated":true}]}}